{"id":1656,"date":"2025-03-18T18:14:23","date_gmt":"2025-03-18T17:14:23","guid":{"rendered":"https:\/\/goldengame.be\/?page_id=1656"},"modified":"2025-03-18T18:16:00","modified_gmt":"2025-03-18T17:16:00","slug":"mentions-legales","status":"publish","type":"page","link":"https:\/\/goldengame.be\/index.php\/mentions-legales\/","title":{"rendered":"Mentions l\u00e9gales"},"content":{"rendered":"\n<h2 class=\"wp-block-heading has-text-align-center\"><strong><a href=\"https:\/\/goldengame.be\/\">HOME<\/a><\/strong><\/h2>\n\n\n\n<p>Mentions l\u00e9gales<\/p>\n\n\n\n<p>Golden-game.be<\/p>\n\n\n\n<p>\u00c9diteur du site<\/p>\n\n\n\n<p class=\"has-ast-global-color-0-color has-text-color has-link-color wp-elements-5cbfe2ed8403367f97cfb0d263664ac7\"><a href=\"http:\/\/log-my.com\/\" target=\"_blank\" rel=\"noreferrer noopener\">log-my.com<\/a>&nbsp;[BE0792.357.663]<\/p>\n\n\n\n<p class=\"has-ast-global-color-0-color has-text-color has-link-color wp-elements-3380bbd8812aa674c7484c5aa6f67f52\"><a href=\"mailto:contact@goldengame.be\" target=\"_blank\" rel=\"noreferrer noopener\">contact@goldengame.be<\/a><\/p>\n\n\n\n<p class=\"has-ast-global-color-0-color has-text-color has-link-color wp-elements-f79c9bea43205503cde4ad8f90f2aa81\"><a href=\"mailto:contact@log-my.com\" target=\"_blank\" rel=\"noreferrer noopener\">contact@log-my.com<\/a><\/p>\n\n\n\n<p>BE0792.357.663&nbsp;<\/p>\n\n\n\n<p>H\u00e9bergeur<\/p>\n\n\n\n<p>OVH Cloud<\/p>\n\n\n\n<p>France<\/p>\n\n\n\n<p>Directeur de la publication<\/p>\n\n\n\n<p class=\"has-ast-global-color-0-color has-text-color has-link-color wp-elements-072a59166683a97dcc5522a359e7e5f8\"><a href=\"http:\/\/log-my.com\/\" target=\"_blank\" rel=\"noreferrer noopener\">log-my.com<\/a><\/p>\n\n\n\n<p>Conception du site<\/p>\n\n\n\n<p>Sebastian Jan Sobolewski<\/p>\n\n\n\n<p>Propri\u00e9t\u00e9 intellectuelle<\/p>\n\n\n\n<p>L&#8217;ensemble de ce site constitue une \u0153uvre prot\u00e9g\u00e9e par les lois de la propri\u00e9t\u00e9 intellectuelle. Les droits de reproduction sont r\u00e9serv\u00e9s, y compris pour les documents t\u00e9l\u00e9chargeables et les repr\u00e9sentations iconographiques et photographiques. La reproduction de tout ou partie de ce site sur un support \u00e9lectronique quel qu&#8217;il soit est formellement interdite sauf autorisation expresse de [Votre Nom ou le nom de votre soci\u00e9t\u00e9].<\/p>\n\n\n\n<p>Donn\u00e9es personnelles<\/p>\n\n\n\n<p>Nous collectons des informations general pour dresser des statistiques sur tout visiteurs du sites \u00e0 partir du moment o\u00f9 il d\u00e9cide de visiter notre portal Web. Nous ne collectons pas de donn\u00e9s priv\u00e9 \u00e0 savoir (nom, mail, num\u00e9ros de t\u00e9l\u00e9phone,&#8230;) sans inscription sur le site. Nos collaborateurs et partenaire de logiciel et publicitaire peuvent collect\u00e9 d&#8217;avantage d&#8217;information \u00e0 savoirs trackers publicitaire, merci de vous r\u00e9f\u00e9rer \u00e0 leur propres politiques en vigueur. Merci dans tout les cas d&#8217;accepter les cookies.&nbsp;<\/p>\n\n\n\n<p>Responsabilit\u00e9<\/p>\n\n\n\n<p>BE0792.357.663 d\u00e9cline toute responsabilit\u00e9 quant aux \u00e9ventuels dommages directs ou indirects caus\u00e9s \u00e0 l&#8217;utilisateur, \u00e0 son \u00e9quipement informatique et aux donn\u00e9es pr\u00e9sentes sur celui-ci, r\u00e9sultant de l&#8217;acc\u00e8s ou de l&#8217;utilisation de ce site ou de tout site qui lui est li\u00e9.<\/p>\n\n\n\n<p>Liens hypertextes<\/p>\n\n\n\n<p>Le site peut contenir des liens hypertextes vers d&#8217;autres sites web. BE0792.357.663 n&#8217;exerce aucun contr\u00f4le sur ces sites et d\u00e9cline par cons\u00e9quent toute responsabilit\u00e9 quant \u00e0 leur contenu, leur fonctionnement ou leur acc\u00e8s.<\/p>\n\n\n\n<p>Droit applicable<\/p>\n\n\n\n<p>Le pr\u00e9sent site et les informations qu&#8217;il contient sont r\u00e9gis par le droit belge. En cas de litige, les tribunaux de Bruxelles seront seuls comp\u00e9tents.<\/p>\n","protected":false},"excerpt":{"rendered":"<p>HOME Mentions l\u00e9gales Golden-game.be \u00c9diteur du site log-my.com&nbsp;[BE0792.357.663] contact@goldengame.be contact@log-my.com BE0792.357.663&nbsp; H\u00e9bergeur OVH Cloud France Directeur de la publication log-my.com Conception du site Sebastian Jan Sobolewski Propri\u00e9t\u00e9 intellectuelle L&#8217;ensemble de ce site constitue une \u0153uvre prot\u00e9g\u00e9e par les lois de la propri\u00e9t\u00e9 intellectuelle. Les droits de reproduction sont r\u00e9serv\u00e9s, y compris pour les documents t\u00e9l\u00e9chargeables &hellip;<\/p>\n<p class=\"read-more\"> <a class=\"\" href=\"https:\/\/goldengame.be\/index.php\/mentions-legales\/\"> <span class=\"screen-reader-text\">Mentions l\u00e9gales<\/span> Read More &raquo;<\/a><\/p>\n","protected":false},"author":1,"featured_media":0,"parent":0,"menu_order":0,"comment_status":"closed","ping_status":"closed","template":"","meta":{"_uag_custom_page_level_css":"","site-sidebar-layout":"default","site-content-layout":"","ast-site-content-layout":"default","site-content-style":"default","site-sidebar-style":"default","ast-global-header-display":"","ast-banner-title-visibility":"","ast-main-header-display":"","ast-hfb-above-header-display":"","ast-hfb-below-header-display":"","ast-hfb-mobile-header-display":"","site-post-title":"","ast-breadcrumbs-content":"","ast-featured-img":"","footer-sml-layout":"","theme-transparent-header-meta":"","adv-header-id-meta":"","stick-header-meta":"","header-above-stick-meta":"","header-main-stick-meta":"","header-below-stick-meta":"","astra-migrate-meta-layouts":"set","footnotes":""},"class_list":["post-1656","page","type-page","status-publish","hentry"],"uagb_featured_image_src":{"full":false,"thumbnail":false,"medium":false,"medium_large":false,"large":false,"1536x1536":false,"2048x2048":false},"uagb_author_info":{"display_name":"game98","author_link":"https:\/\/goldengame.be\/index.php\/author\/game98\/"},"uagb_comment_info":0,"uagb_excerpt":"HOME Mentions l\u00e9gales Golden-game.be \u00c9diteur du site log-my.com&nbsp;[BE0792.357.663] contact@goldengame.be contact@log-my.com BE0792.357.663&nbsp; H\u00e9bergeur OVH Cloud France Directeur de la publication log-my.com Conception du site Sebastian Jan Sobolewski Propri\u00e9t\u00e9 intellectuelle L&#8217;ensemble de ce site constitue une \u0153uvre prot\u00e9g\u00e9e par les lois de la propri\u00e9t\u00e9 intellectuelle. Les droits de reproduction sont r\u00e9serv\u00e9s, y compris pour les documents t\u00e9l\u00e9chargeables&hellip;","_links":{"self":[{"href":"https:\/\/goldengame.be\/index.php\/wp-json\/wp\/v2\/pages\/1656","targetHints":{"allow":["GET"]}}],"collection":[{"href":"https:\/\/goldengame.be\/index.php\/wp-json\/wp\/v2\/pages"}],"about":[{"href":"https:\/\/goldengame.be\/index.php\/wp-json\/wp\/v2\/types\/page"}],"author":[{"embeddable":true,"href":"https:\/\/goldengame.be\/index.php\/wp-json\/wp\/v2\/users\/1"}],"replies":[{"embeddable":true,"href":"https:\/\/goldengame.be\/index.php\/wp-json\/wp\/v2\/comments?post=1656"}],"version-history":[{"count":2,"href":"https:\/\/goldengame.be\/index.php\/wp-json\/wp\/v2\/pages\/1656\/revisions"}],"predecessor-version":[{"id":1659,"href":"https:\/\/goldengame.be\/index.php\/wp-json\/wp\/v2\/pages\/1656\/revisions\/1659"}],"wp:attachment":[{"href":"https:\/\/goldengame.be\/index.php\/wp-json\/wp\/v2\/media?parent=1656"}],"curies":[{"name":"wp","href":"https:\/\/api.w.org\/{rel}","templated":true}]}}